{"id":686,"date":"2022-02-02T14:00:57","date_gmt":"2022-02-02T13:00:57","guid":{"rendered":"http:\/\/scoutsaywaille.be\/?page_id=686"},"modified":"2024-10-12T15:53:26","modified_gmt":"2024-10-12T13:53:26","slug":"contacts-baladins","status":"publish","type":"page","link":"https:\/\/scoutsaywaille.be\/?page_id=686","title":{"rendered":"Contacts Baladins"},"content":{"rendered":"<div data-colibri-id=\"686-c1\" class=\"style-279 style-local-686-c1 position-relative\">\n  <!---->\n  <div data-colibri-component=\"section\" data-colibri-id=\"686-c2\" id=\"custom\" class=\"h-section h-section-global-spacing d-flex align-items-lg-center align-items-md-center align-items-center style-280 style-local-686-c2 position-relative\">\n    <!---->\n    <!---->\n    <div class=\"h-section-grid-container h-section-boxed-container\">\n      <!---->\n      <div data-colibri-id=\"686-c3\" class=\"h-row-container gutters-row-lg-2 gutters-row-md-2 gutters-row-0 gutters-row-v-lg-2 gutters-row-v-md-2 gutters-row-v-2 style-281 style-local-686-c3 position-relative\">\n        <!---->\n        <div class=\"h-row justify-content-lg-center justify-content-md-center justify-content-center align-items-lg-stretch align-items-md-stretch align-items-stretch gutters-col-lg-2 gutters-col-md-2 gutters-col-0 gutters-col-v-lg-2 gutters-col-v-md-2 gutters-col-v-2\">\n          <!---->\n          <div class=\"h-column h-column-container d-flex h-col-lg-auto h-col-md-auto h-col-auto style-282-outer style-local-686-c4-outer\">\n            <div data-colibri-id=\"686-c4\" class=\"d-flex h-flex-basis h-column__inner h-px-lg-2 h-px-md-2 h-px-2 v-inner-lg-2 v-inner-md-2 v-inner-2 style-282 style-local-686-c4 position-relative\">\n              <!---->\n              <!---->\n              <div class=\"w-100 h-y-container h-column__content h-column__v-align flex-basis-100 align-self-lg-start align-self-md-start align-self-start\">\n                <!---->\n                <div data-colibri-id=\"686-c5\" class=\"d-block style-283 style-local-686-c5 position-relative h-element\">\n                  <!---->\n                  <div class=\"h-image__frame-container-outer\">\n                    <div class=\"h-image__frame-container\">\n                      <!---->\n                      <!---->\n                      <img decoding=\"async\" src=\"https:\/\/scoutsaywaille.be\/wp-content\/uploads\/2022\/01\/cropped-cropped-cropped-cropped-cropped-baladins-1-300x300.jpg\" class=\"style-283-image style-local-686-c5-image\">\n                      <div class=\"h-image__frame h-hide-lg h-hide-md h-hide-sm style-283-frameImage style-local-686-c5-frameImage\"><\/div>\n                    <\/div>\n                  <\/div>\n                <\/div>\n              <\/div>\n            <\/div>\n          <\/div>\n        <\/div>\n      <\/div>\n    <\/div>\n  <\/div>\n  <div data-colibri-component=\"section\" data-colibri-id=\"686-c6\" id=\"custom-2\" class=\"h-section h-section-global-spacing d-flex align-items-lg-center align-items-md-center align-items-center style-590 style-local-686-c6 position-relative\">\n    <!---->\n    <!---->\n    <div class=\"h-section-grid-container h-section-boxed-container\">\n      <!---->\n      <div data-colibri-id=\"686-c7\" class=\"h-row-container gutters-row-lg-2 gutters-row-md-2 gutters-row-0 gutters-row-v-lg-2 gutters-row-v-md-2 gutters-row-v-2 style-591 style-local-686-c7 position-relative\">\n        <!---->\n        <div class=\"h-row justify-content-lg-center justify-content-md-center justify-content-center align-items-lg-stretch align-items-md-stretch align-items-stretch gutters-col-lg-2 gutters-col-md-2 gutters-col-0 gutters-col-v-lg-2 gutters-col-v-md-2 gutters-col-v-2\">\n          <!---->\n          <div class=\"h-column h-column-container d-flex h-col-lg-auto h-col-md-auto h-col-auto style-592-outer style-local-686-c8-outer\">\n            <div data-colibri-id=\"686-c8\" class=\"d-flex h-flex-basis h-column__inner h-px-lg-2 h-px-md-2 h-px-2 v-inner-lg-2 v-inner-md-2 v-inner-2 style-592 style-local-686-c8 position-relative\">\n              <!---->\n              <!---->\n              <div class=\"w-100 h-y-container h-column__content h-column__v-align flex-basis-100 align-self-lg-start align-self-md-start align-self-start\">\n                <!---->\n                <div data-colibri-id=\"686-c9\" class=\"h-text h-text-component style-596 style-local-686-c9 position-relative h-element\">\n                  <!---->\n                  <!---->\n                  <div class=\"\">\n                    <p>Une question ?&nbsp;<\/p>\n                    <p>Besoin d&rsquo;informations suppl\u00e9mentaires sur la section ?&nbsp;<\/p>\n                    <p>Vous pouvez contacter le Staff Baladins \u00e0 l&rsquo;aide du formulaire ci-contre.&nbsp;<\/p>\n                    <p>\n                      <br>\n                    <\/p>\n                    <p>Chef responsable: Chinkara (Emeline Bourge)&nbsp;<\/p>\n                    <p>Ashera (J\u00e9r\u00f4me Thorez)<\/p>\n                    <p>Gal\u00e9a (Pauline Gerkens)<\/p>\n                    <p>Sitelle (Manon Birgen)<\/p>\n                    <p>Epagneul (Laure Nutal)&nbsp;<\/p>\n                    <p>Tupaye (Louis Gerkens)<\/p>\n                    <p>Manninji (Sol\u00e8ne Debroux)&nbsp;&nbsp;<\/p>\n                    <p>Warrigal (Emeline Coul\u00e9e)&nbsp;<\/p>\n                  <\/div>\n                <\/div>\n                <div data-colibri-id=\"686-c10\" class=\"d-block style-1003 style-local-686-c10 position-relative h-element\">\n                  <!---->\n                  <div class=\"h-image__frame-container-outer\">\n                    <div class=\"h-image__frame-container\">\n                      <!---->\n                      <!---->\n                      <img loading=\"lazy\" decoding=\"async\" width=\"1536\" height=\"1536\" src=\"https:\/\/scoutsaywaille.be\/wp-content\/uploads\/2024\/10\/cropped-IMG_7406.jpg\" class=\"wp-image-2223 style-1003-image style-local-686-c10-image\" alt=\"\" srcset=\"https:\/\/scoutsaywaille.be\/wp-content\/uploads\/2024\/10\/cropped-IMG_7406.jpg 1536w, https:\/\/scoutsaywaille.be\/wp-content\/uploads\/2024\/10\/cropped-IMG_7406-300x300.jpg 300w, https:\/\/scoutsaywaille.be\/wp-content\/uploads\/2024\/10\/cropped-IMG_7406-1024x1024.jpg 1024w, https:\/\/scoutsaywaille.be\/wp-content\/uploads\/2024\/10\/cropped-IMG_7406-150x150.jpg 150w, https:\/\/scoutsaywaille.be\/wp-content\/uploads\/2024\/10\/cropped-IMG_7406-768x768.jpg 768w\" sizes=\"auto, (max-width: 1536px) 100vw, 1536px\" \/>\n                      <div class=\"h-image__frame h-hide-lg h-hide-md h-hide-sm style-1003-frameImage style-local-686-c10-frameImage\"><\/div>\n                    <\/div>\n                  <\/div>\n                <\/div>\n              <\/div>\n            <\/div>\n          <\/div>\n          <div class=\"h-column h-column-container d-flex h-col-lg-auto h-col-md-auto h-col-auto style-593-outer style-local-686-c11-outer\">\n            <div data-colibri-id=\"686-c11\" class=\"d-flex h-flex-basis h-column__inner h-px-lg-2 h-px-md-2 h-px-2 v-inner-lg-2 v-inner-md-2 v-inner-2 style-593 style-local-686-c11 position-relative\">\n              <!---->\n              <!---->\n              <div class=\"w-100 h-y-container h-column__content h-column__v-align flex-basis-100 align-self-lg-start align-self-md-start align-self-start\">\n                <!---->\n                <div data-colibri-id=\"686-c12\" class=\"h-contact-form__outer--forminator style-595 style-local-686-c12 position-relative h-element\">\n                  <!---->\n                  <div class=\"h-global-transition-all h-global-transition h-global-transition-all h-contact-form-shortcode\"><div class=\"forminator-ui forminator-custom-form forminator-custom-form-1201 forminator-design--default  forminator_ajax\" data-forminator-render=\"0\" data-form=\"forminator-module-1201\"><br\/><\/div><form\n\t\t\t\tid=\"forminator-module-1201\"\n\t\t\t\tclass=\"forminator-ui forminator-custom-form forminator-custom-form-1201 forminator-design--default  forminator_ajax\"\n\t\t\t\tmethod=\"post\"\n\t\t\t\tdata-forminator-render=\"0\"\n\t\t\t\tdata-form-id=\"1201\"\n\t\t\t\t\n\t\t\t\tdata-design=\"default\"\n\t\t\t\t\n\t\t\t\t\n\t\t\t\t\n\t\t\t\tdata-grid=\"open\"\n\t\t\t\t\n\t\t\t\t\n\t\t\t\tstyle=\"display: none;\"\n\t\t\t><div class=\"forminator-response-message forminator-error\" aria-hidden=\"true\"><\/div><div class=\"forminator-row\"><div id=\"name-1\" class=\"forminator-col forminator-col-12 \"><div class=\"forminator-field\"><label for=\"forminator-field-name-1\" class=\"forminator-label\">Nom\/Pr\u00e9nom <span class=\"forminator-required\">*<\/span><\/label><input type=\"text\" name=\"name-1\" value=\"\" placeholder=\"Par exemple\u00a0: Baden Powell\" id=\"forminator-field-name-1\" class=\"forminator-input forminator-name--field\" aria-required=\"true\" \/><\/div><\/div><\/div><div class=\"forminator-row\"><div id=\"email-1\" class=\"forminator-col forminator-col-12 \"><div class=\"forminator-field\"><label for=\"forminator-field-email-1\" class=\"forminator-label\">Adresse mail <span class=\"forminator-required\">*<\/span><\/label><input type=\"email\" name=\"email-1\" value=\"\" placeholder=\"Par exemple\u00a0: Baden.Powell@gmail.com\" id=\"forminator-field-email-1\" class=\"forminator-input forminator-email--field\" data-required=\"true\" aria-required=\"true\" \/><\/div><\/div><\/div><div class=\"forminator-row\"><div id=\"phone-1\" class=\"forminator-col forminator-col-12 \"><div class=\"forminator-field\"><label for=\"forminator-field-phone-1\" class=\"forminator-label\">Num\u00e9ro de t\u00e9l\u00e9phone<\/label><input type=\"text\" name=\"phone-1\" value=\"\" placeholder=\"Par exemple\u00a0: 0493\/ 73 49 98\" id=\"forminator-field-phone-1\" class=\"forminator-input forminator-field--phone\" data-required=\"\" aria-required=\"false\" autocomplete=\"off\" \/><\/div><\/div><\/div><div class=\"forminator-row\"><div id=\"textarea-1\" class=\"forminator-col forminator-col-12 \"><div class=\"forminator-field\"><label for=\"forminator-field-textarea-1\" class=\"forminator-label\">Message<\/label><textarea name=\"textarea-1\" placeholder=\"Saisissez votre message\u2026\" id=\"forminator-field-textarea-1\" class=\"forminator-textarea\" rows=\"6\" style=\"min-height:140px;\" maxlength=\"180\" ><\/textarea><span class=\"forminator-description\"><span data-limit=\"180\" data-type=\"characters\">0 \/ 180<\/span><\/span><\/div><\/div><\/div><input type=\"hidden\" name=\"referer_url\" value=\"\" \/><div class=\"forminator-row forminator-row-last\"><div class=\"forminator-col\"><div class=\"forminator-field\"><button class=\"forminator-button forminator-button-submit\">Envoyer le message<\/button><\/div><\/div><\/div><input type=\"hidden\" id=\"forminator_nonce\" name=\"forminator_nonce\" value=\"bef1d9e25e\" \/><input type=\"hidden\" name=\"_wp_http_referer\" value=\"\/index.php?rest_route=%2Fwp%2Fv2%2Fpages%2F686\" \/><input type=\"hidden\" name=\"form_id\" value=\"1201\"><input type=\"hidden\" name=\"page_id\" value=\"686\"><input type=\"hidden\" name=\"form_type\" value=\"default\"><input type=\"hidden\" name=\"current_url\" value=\"https:\/\/scoutsaywaille.be\/?rest_route=%2Fwp%2Fv2%2Fpages%2F686\"><input type=\"hidden\" name=\"render_id\" value=\"0\"><input type=\"hidden\" name=\"action\" value=\"forminator_submit_form_custom-forms\"><\/form><\/div>\n                <\/div>\n              <\/div>\n            <\/div>\n          <\/div>\n        <\/div>\n      <\/div>\n    <\/div>\n  <\/div>\n  <div data-colibri-component=\"section\" data-colibri-id=\"686-c13\" id=\"custom-3\" class=\"h-section h-section-global-spacing d-flex align-items-lg-center align-items-md-center align-items-center style-997 style-local-686-c13 position-relative\">\n    <!---->\n    <!---->\n    <div class=\"h-section-grid-container h-section-boxed-container\">\n      <!---->\n      <div data-colibri-id=\"686-c14\" class=\"h-row-container gutters-row-lg-2 gutters-row-md-2 gutters-row-0 gutters-row-v-lg-2 gutters-row-v-md-2 gutters-row-v-2 style-998 style-local-686-c14 position-relative\">\n        <!---->\n        <div class=\"h-row justify-content-lg-center justify-content-md-center justify-content-center align-items-lg-stretch align-items-md-stretch align-items-stretch gutters-col-lg-2 gutters-col-md-2 gutters-col-0 gutters-col-v-lg-2 gutters-col-v-md-2 gutters-col-v-2\">\n          <!---->\n          <div class=\"h-column h-column-container d-flex h-col-lg-auto h-col-md-auto h-col-auto style-999-outer style-local-686-c15-outer\">\n            <div data-colibri-id=\"686-c15\" class=\"d-flex h-flex-basis h-column__inner h-ui-empty-state-container h-px-lg-2 h-px-md-2 h-px-2 v-inner-lg-2 v-inner-md-2 v-inner-2 style-999 style-local-686-c15 position-relative\">\n              <!---->\n              <!---->\n              <div class=\"w-100 h-y-container h-column__content h-column__v-align flex-basis-100\">\n                <!---->\n              <\/div>\n            <\/div>\n          <\/div>\n        <\/div>\n      <\/div>\n    <\/div>\n  <\/div>\n<\/div>","protected":false},"excerpt":{"rendered":"<p>Une question ?&nbsp; Besoin d&rsquo;informations suppl\u00e9mentaires sur la section ?&nbsp; Vous pouvez contacter le Staff Baladins \u00e0 l&rsquo;aide du formulaire ci-contre.&nbsp; Chef responsable: Chinkara (Emeline Bourge)&nbsp; Ashera (J\u00e9r\u00f4me Thorez) Gal\u00e9a (Pauline Gerkens) Sitelle (Manon Birgen) Epagneul (Laure Nutal)&nbsp; Tupaye (Louis Gerkens) Manninji (Sol\u00e8ne Debroux)&nbsp;&nbsp; Warrigal (Emeline Coul\u00e9e)&nbsp;<\/p>\n","protected":false},"author":1,"featured_media":0,"parent":0,"menu_order":0,"comment_status":"closed","ping_status":"closed","template":"page-templates\/full-width-page.php","meta":{"footnotes":""},"class_list":["post-686","page","type-page","status-publish","hentry"],"jetpack_sharing_enabled":true,"_links":{"self":[{"href":"https:\/\/scoutsaywaille.be\/index.php?rest_route=\/wp\/v2\/pages\/686","targetHints":{"allow":["GET"]}}],"collection":[{"href":"https:\/\/scoutsaywaille.be\/index.php?rest_route=\/wp\/v2\/pages"}],"about":[{"href":"https:\/\/scoutsaywaille.be\/index.php?rest_route=\/wp\/v2\/types\/page"}],"author":[{"embeddable":true,"href":"https:\/\/scoutsaywaille.be\/index.php?rest_route=\/wp\/v2\/users\/1"}],"replies":[{"embeddable":true,"href":"https:\/\/scoutsaywaille.be\/index.php?rest_route=%2Fwp%2Fv2%2Fcomments&post=686"}],"version-history":[{"count":13,"href":"https:\/\/scoutsaywaille.be\/index.php?rest_route=\/wp\/v2\/pages\/686\/revisions"}],"predecessor-version":[{"id":2226,"href":"https:\/\/scoutsaywaille.be\/index.php?rest_route=\/wp\/v2\/pages\/686\/revisions\/2226"}],"wp:attachment":[{"href":"https:\/\/scoutsaywaille.be\/index.php?rest_route=%2Fwp%2Fv2%2Fmedia&parent=686"}],"curies":[{"name":"wp","href":"https:\/\/api.w.org\/{rel}","templated":true}]}}