{"id":689,"date":"2022-02-02T14:00:57","date_gmt":"2022-02-02T13:00:57","guid":{"rendered":"http:\/\/scoutsaywaille.be\/?page_id=689"},"modified":"2023-10-19T17:20:05","modified_gmt":"2023-10-19T15:20:05","slug":"louveteaux","status":"publish","type":"page","link":"https:\/\/scoutsaywaille.be\/?page_id=689","title":{"rendered":"Louveteaux"},"content":{"rendered":"<div data-colibri-id=\"689-c1\" class=\"style-289 style-local-689-c1 position-relative\">\n  <!---->\n  <div data-colibri-component=\"section\" data-colibri-id=\"689-c2\" id=\"custom\" class=\"h-section h-section-global-spacing d-flex align-items-lg-center align-items-md-center align-items-center style-290 style-local-689-c2 position-relative\">\n    <!---->\n    <!---->\n    <div class=\"h-section-grid-container h-section-boxed-container\">\n      <!---->\n      <div data-colibri-id=\"689-c3\" class=\"h-row-container gutters-row-lg-2 gutters-row-md-2 gutters-row-0 gutters-row-v-lg-2 gutters-row-v-md-2 gutters-row-v-2 style-293 style-local-689-c3 position-relative\">\n        <!---->\n        <div class=\"h-row justify-content-lg-center justify-content-md-center justify-content-center align-items-lg-stretch align-items-md-stretch align-items-stretch gutters-col-lg-2 gutters-col-md-2 gutters-col-0 gutters-col-v-lg-2 gutters-col-v-md-2 gutters-col-v-2\">\n          <!---->\n          <div class=\"h-column h-column-container d-flex h-col-lg-auto h-col-md-auto h-col-auto style-294-outer style-local-689-c4-outer\">\n            <div data-colibri-id=\"689-c4\" class=\"d-flex h-flex-basis h-column__inner h-px-lg-2 h-px-md-2 h-px-2 v-inner-lg-2 v-inner-md-2 v-inner-2 style-294 style-local-689-c4 position-relative\">\n              <!---->\n              <!---->\n              <div class=\"w-100 h-y-container h-column__content h-column__v-align flex-basis-100 align-self-lg-start align-self-md-start align-self-start\">\n                <!---->\n                <div data-colibri-id=\"689-c5\" class=\"d-block style-295 style-local-689-c5 position-relative h-element\">\n                  <!---->\n                  <div class=\"h-image__frame-container-outer\">\n                    <div class=\"h-image__frame-container\">\n                      <!---->\n                      <!---->\n                      <img decoding=\"async\" src=\"https:\/\/scoutsaywaille.be\/wp-content\/uploads\/2022\/01\/cropped-272750570_2021234841391112_495811238065775981_n-300x300.jpg\" class=\"style-295-image style-local-689-c5-image\">\n                      <div class=\"h-image__frame h-hide-lg h-hide-md h-hide-sm style-295-frameImage style-local-689-c5-frameImage\"><\/div>\n                    <\/div>\n                  <\/div>\n                <\/div>\n              <\/div>\n            <\/div>\n          <\/div>\n        <\/div>\n      <\/div>\n    <\/div>\n  <\/div>\n  <div data-colibri-component=\"section\" data-colibri-id=\"689-c6\" id=\"custom-2\" class=\"h-section h-section-global-spacing d-flex align-items-lg-center align-items-md-center align-items-center style-958 style-local-689-c6 position-relative\">\n    <!---->\n    <!---->\n    <div class=\"h-section-grid-container h-section-boxed-container\">\n      <!---->\n      <div data-colibri-id=\"689-c7\" class=\"h-row-container gutters-row-lg-2 gutters-row-md-2 gutters-row-0 gutters-row-v-lg-2 gutters-row-v-md-2 gutters-row-v-2 style-959 style-local-689-c7 position-relative\">\n        <!---->\n        <div class=\"h-row justify-content-lg-center justify-content-md-center justify-content-center align-items-lg-stretch align-items-md-stretch align-items-stretch gutters-col-lg-2 gutters-col-md-2 gutters-col-0 gutters-col-v-lg-2 gutters-col-v-md-2 gutters-col-v-2\">\n          <!---->\n          <div class=\"h-column h-column-container d-flex h-col-lg-auto h-col-md-auto h-col-auto style-960-outer style-local-689-c8-outer\">\n            <div data-colibri-id=\"689-c8\" class=\"d-flex h-flex-basis h-column__inner h-px-lg-2 h-px-md-2 h-px-2 v-inner-lg-2 v-inner-md-2 v-inner-2 style-960 style-local-689-c8 position-relative\">\n              <!---->\n              <!---->\n              <div class=\"w-100 h-y-container h-column__content h-column__v-align flex-basis-100 align-self-lg-start align-self-md-start align-self-start\">\n                <!---->\n                <div data-colibri-id=\"689-c9\" class=\"d-block style-1027 style-local-689-c9 position-relative h-element\">\n                  <!---->\n                  <div class=\"h-image__frame-container-outer\">\n                    <div class=\"h-image__frame-container\">\n                      <!---->\n                      <!---->\n                      <img loading=\"lazy\" decoding=\"async\" width=\"1761\" height=\"1761\" src=\"https:\/\/scoutsaywaille.be\/wp-content\/uploads\/2023\/10\/cropped-394270176_215019748139241_8684369774786797046_n.jpg\" class=\"wp-image-2189 style-1027-image style-local-689-c9-image\" alt=\"\" srcset=\"https:\/\/scoutsaywaille.be\/wp-content\/uploads\/2023\/10\/cropped-394270176_215019748139241_8684369774786797046_n.jpg 1761w, https:\/\/scoutsaywaille.be\/wp-content\/uploads\/2023\/10\/cropped-394270176_215019748139241_8684369774786797046_n-300x300.jpg 300w, https:\/\/scoutsaywaille.be\/wp-content\/uploads\/2023\/10\/cropped-394270176_215019748139241_8684369774786797046_n-1024x1024.jpg 1024w, https:\/\/scoutsaywaille.be\/wp-content\/uploads\/2023\/10\/cropped-394270176_215019748139241_8684369774786797046_n-150x150.jpg 150w, https:\/\/scoutsaywaille.be\/wp-content\/uploads\/2023\/10\/cropped-394270176_215019748139241_8684369774786797046_n-768x768.jpg 768w, https:\/\/scoutsaywaille.be\/wp-content\/uploads\/2023\/10\/cropped-394270176_215019748139241_8684369774786797046_n-1536x1536.jpg 1536w\" sizes=\"auto, (max-width: 1761px) 100vw, 1761px\" \/>\n                      <div class=\"h-image__frame h-hide-lg h-hide-md h-hide-sm style-1027-frameImage style-local-689-c9-frameImage\"><\/div>\n                    <\/div>\n                  <\/div>\n                <\/div>\n              <\/div>\n            <\/div>\n          <\/div>\n          <div class=\"h-column h-column-container d-flex h-col-lg-auto h-col-md-auto h-col-auto style-961-outer style-local-689-c10-outer\">\n            <div data-colibri-id=\"689-c10\" class=\"d-flex h-flex-basis h-column__inner h-px-lg-2 h-px-md-2 h-px-2 v-inner-lg-2 v-inner-md-2 v-inner-2 style-961 style-local-689-c10 position-relative\">\n              <!---->\n              <!---->\n              <div class=\"w-100 h-y-container h-column__content h-column__v-align flex-basis-100 align-self-lg-start align-self-md-start align-self-start\">\n                <!---->\n                <div data-colibri-id=\"689-c11\" class=\"h-text h-text-component style-962 style-local-689-c11 position-relative h-element\">\n                  <!---->\n                  <!---->\n                  <div class=\"\">\n                    <p>\u00ab\u00a0Chez les louveteaux, les enfants apprennent \u00e0 vivre ensemble et \u00e0 tous faire partie d\u2019une m\u00eame meute qui comprend des plus petits et des plus grands. C\u2019est gr\u00e2ce \u00e0 cette large diff\u00e9rence d\u2019\u00e2ge que les plus jeunes apprennent \u00e0 s\u2019int\u00e9grer\n                      et \u00e0 ne pas se laisser faire, tandis que les plus grands quant \u00e0 eux d\u00e9couvrent les responsabilit\u00e9s et le fait de prot\u00e9ger les autres. Gr\u00e2ce au livre de la jungle, les louveteaux \u00e9voluent dans un esprit de meute \u00e9nergique et solidaire,\n                      qui se renforce de plus en plus chaque samedi apr\u00e8s-midi, et encore plus apr\u00e8s les 10 jours de camp o\u00f9 les loups vivent soud\u00e9s les uns avec les autres.&nbsp;<\/p>\n                    <p>C\u2019est dans cet esprit qu\u2019on essaye au mieux de cr\u00e9er de chouettes activit\u00e9s, que ce soit dans les bois ou dans le parc, par \u00e9quipes ou tous ensemble, sportives ou plus strat\u00e9giques, qui plairont \u00e0 tous nos loups et qui les aideront\n                      \u00e0 appr\u00e9cier vivre en communaut\u00e9 et au grand air\u00a0\u00bb<\/p>\n                    <p>\n                      <br>\n                    <\/p>\n                  <\/div>\n                <\/div>\n              <\/div>\n            <\/div>\n          <\/div>\n        <\/div>\n      <\/div>\n    <\/div>\n  <\/div>\n<\/div>","protected":false},"excerpt":{"rendered":"<p>\u00ab\u00a0Chez les louveteaux, les enfants apprennent \u00e0 vivre ensemble et \u00e0 tous faire partie d\u2019une m\u00eame meute qui comprend des plus petits et des plus grands. C\u2019est gr\u00e2ce \u00e0 cette large diff\u00e9rence d\u2019\u00e2ge que les plus jeunes apprennent \u00e0 s\u2019int\u00e9grer et \u00e0 ne pas se laisser faire, tandis que les plus grands quant \u00e0 eux [&hellip;]<\/p>\n","protected":false},"author":1,"featured_media":0,"parent":0,"menu_order":0,"comment_status":"closed","ping_status":"closed","template":"page-templates\/full-width-page.php","meta":{"footnotes":""},"class_list":["post-689","page","type-page","status-publish","hentry"],"jetpack_sharing_enabled":true,"_links":{"self":[{"href":"https:\/\/scoutsaywaille.be\/index.php?rest_route=\/wp\/v2\/pages\/689","targetHints":{"allow":["GET"]}}],"collection":[{"href":"https:\/\/scoutsaywaille.be\/index.php?rest_route=\/wp\/v2\/pages"}],"about":[{"href":"https:\/\/scoutsaywaille.be\/index.php?rest_route=\/wp\/v2\/types\/page"}],"author":[{"embeddable":true,"href":"https:\/\/scoutsaywaille.be\/index.php?rest_route=\/wp\/v2\/users\/1"}],"replies":[{"embeddable":true,"href":"https:\/\/scoutsaywaille.be\/index.php?rest_route=%2Fwp%2Fv2%2Fcomments&post=689"}],"version-history":[{"count":5,"href":"https:\/\/scoutsaywaille.be\/index.php?rest_route=\/wp\/v2\/pages\/689\/revisions"}],"predecessor-version":[{"id":2192,"href":"https:\/\/scoutsaywaille.be\/index.php?rest_route=\/wp\/v2\/pages\/689\/revisions\/2192"}],"wp:attachment":[{"href":"https:\/\/scoutsaywaille.be\/index.php?rest_route=%2Fwp%2Fv2%2Fmedia&parent=689"}],"curies":[{"name":"wp","href":"https:\/\/api.w.org\/{rel}","templated":true}]}}