{"id":695,"date":"2022-02-02T14:00:57","date_gmt":"2022-02-02T13:00:57","guid":{"rendered":"http:\/\/scoutsaywaille.be\/?page_id=695"},"modified":"2022-02-02T22:14:22","modified_gmt":"2022-02-02T21:14:22","slug":"description-scouts","status":"publish","type":"page","link":"https:\/\/scoutsaywaille.be\/?page_id=695","title":{"rendered":"Description Scouts"},"content":{"rendered":"<div data-colibri-id=\"695-c1\" class=\"style-321 style-local-695-c1 position-relative\">\n  <!---->\n  <div data-colibri-component=\"section\" data-colibri-id=\"695-c2\" id=\"custom\" class=\"h-section h-section-global-spacing d-flex align-items-lg-center align-items-md-center align-items-center style-322 style-local-695-c2 position-relative\">\n    <!---->\n    <!---->\n    <div class=\"h-section-grid-container h-section-boxed-container\">\n      <!---->\n      <div data-colibri-id=\"695-c3\" class=\"h-row-container gutters-row-lg-2 gutters-row-md-2 gutters-row-0 gutters-row-v-lg-2 gutters-row-v-md-2 gutters-row-v-2 style-323 style-local-695-c3 position-relative\">\n        <!---->\n        <div class=\"h-row justify-content-lg-center justify-content-md-center justify-content-center align-items-lg-stretch align-items-md-stretch align-items-stretch gutters-col-lg-2 gutters-col-md-2 gutters-col-0 gutters-col-v-lg-2 gutters-col-v-md-2 gutters-col-v-2\">\n          <!---->\n          <div class=\"h-column h-column-container d-flex h-col-lg-auto h-col-md-auto h-col-auto style-324-outer style-local-695-c4-outer\">\n            <div data-colibri-id=\"695-c4\" class=\"d-flex h-flex-basis h-column__inner h-px-lg-2 h-px-md-2 h-px-2 v-inner-lg-2 v-inner-md-2 v-inner-2 style-324 style-local-695-c4 position-relative\">\n              <!---->\n              <!---->\n              <div class=\"w-100 h-y-container h-column__content h-column__v-align flex-basis-100 align-self-lg-start align-self-md-start align-self-start\">\n                <!---->\n                <div data-colibri-id=\"695-c5\" class=\"d-block style-325 style-local-695-c5 position-relative h-element\">\n                  <!---->\n                  <div class=\"h-image__frame-container-outer\">\n                    <div class=\"h-image__frame-container\">\n                      <!---->\n                      <!---->\n                      <img decoding=\"async\" src=\"https:\/\/scoutsaywaille.be\/wp-content\/uploads\/2022\/01\/272193273_1004355023494740_343261044265986501_n-300x300.jpg\" class=\"style-325-image style-local-695-c5-image\">\n                      <div class=\"h-image__frame h-hide-lg h-hide-md h-hide-sm style-325-frameImage style-local-695-c5-frameImage\"><\/div>\n                    <\/div>\n                  <\/div>\n                <\/div>\n              <\/div>\n            <\/div>\n          <\/div>\n        <\/div>\n      <\/div>\n    <\/div>\n  <\/div>\n  <div data-colibri-component=\"section\" data-colibri-id=\"695-c6\" id=\"custom-2\" class=\"h-section h-section-global-spacing d-flex align-items-lg-center align-items-md-center align-items-center style-581 style-local-695-c6 position-relative\">\n    <!---->\n    <!---->\n    <div class=\"h-section-grid-container h-section-boxed-container\">\n      <!---->\n      <div data-colibri-id=\"695-c9\" class=\"h-row-container gutters-row-lg-2 gutters-row-md-2 gutters-row-0 gutters-row-v-lg-2 gutters-row-v-md-2 gutters-row-v-2 style-584 style-local-695-c9 position-relative\">\n        <!---->\n        <div class=\"h-row justify-content-lg-center justify-content-md-center justify-content-center align-items-lg-stretch align-items-md-stretch align-items-stretch gutters-col-lg-2 gutters-col-md-2 gutters-col-0 gutters-col-v-lg-2 gutters-col-v-md-2 gutters-col-v-2\">\n          <!---->\n          <div class=\"h-column h-column-container d-flex h-col-lg-auto h-col-md-auto h-col-auto style-585-outer style-local-695-c10-outer\">\n            <div data-colibri-id=\"695-c10\" class=\"d-flex h-flex-basis h-column__inner h-px-lg-2 h-px-md-2 h-px-2 v-inner-lg-2 v-inner-md-2 v-inner-2 style-585 style-local-695-c10 position-relative\">\n              <!---->\n              <!---->\n              <div class=\"w-100 h-y-container h-column__content h-column__v-align flex-basis-100 align-self-lg-start align-self-md-start align-self-start\">\n                <!---->\n                <div data-colibri-id=\"695-c11\" class=\"h-text h-text-component style-586 style-local-695-c11 position-relative h-element\">\n                  <!---->\n                  <!---->\n                  <div class=\"\">\n                    <p>Les Scouts<\/p>\n                  <\/div>\n                <\/div>\n              <\/div>\n            <\/div>\n          <\/div>\n        <\/div>\n      <\/div>\n      <div data-colibri-id=\"695-c12\" class=\"h-row-container gutters-row-lg-2 gutters-row-md-2 gutters-row-0 gutters-row-v-lg-2 gutters-row-v-md-2 gutters-row-v-2 style-587 style-local-695-c12 position-relative\">\n        <!---->\n        <div class=\"h-row justify-content-lg-center justify-content-md-center justify-content-center align-items-lg-stretch align-items-md-stretch align-items-stretch gutters-col-lg-2 gutters-col-md-2 gutters-col-0 gutters-col-v-lg-2 gutters-col-v-md-2 gutters-col-v-2\">\n          <!---->\n          <div class=\"h-column h-column-container d-flex h-col-lg-auto h-col-md-auto h-col-auto style-588-outer style-local-695-c13-outer\">\n            <div data-colibri-id=\"695-c13\" class=\"d-flex h-flex-basis h-column__inner h-px-lg-2 h-px-md-2 h-px-2 v-inner-lg-2 v-inner-md-2 v-inner-2 style-588 style-local-695-c13 position-relative\">\n              <!---->\n              <!---->\n              <div class=\"w-100 h-y-container h-column__content h-column__v-align flex-basis-100 align-self-lg-start align-self-md-start align-self-start\">\n                <!---->\n                <div data-colibri-id=\"695-c14\" class=\"h-text h-text-component style-589 style-local-695-c14 position-relative h-element\">\n                  <!---->\n                  <!---->\n                  <div class=\"\">\n                    <p>\u00c0 LA TROUPE, JE CONSTRUIS AVEC LES AUTRES.<\/p>\n                    <p>Scouts : Scout \u00e2g\u00e9 de 12 \u00e0 16 ans.&nbsp;Troupe: nom donn\u00e9 \u00e0 une section regroupant les scouts d&rsquo;une unit\u00e9.&nbsp;Au d\u00e9but de l&rsquo;adolescence, le jeune d\u00e9veloppe son sens des responsabilit\u00e9s : il prend les choses en main.&nbsp;<\/p>\n                    <p>\u00c0 la troupe, et particuli\u00e8rement au sein du petit groupe qui est la patrouille, le scout participe \u00e0 la construction collective de projets, dans un esprit de solidarit\u00e9.&nbsp;<\/p>\n                    <p>Il fait des plans, r\u00eave, se responsabilise et agit pour le groupe.&nbsp;<\/p>\n                    <p>Chez les scouts, ces derniers partagent des moments de vie simples durant lesquels ils s&rsquo;\u00e9paulent et se motivent. Chacun re\u00e7oit un totem et un quali (qualificatif) qui confortent son appartenance au groupe. Chez les scouts, le jeune\n                      montre son adh\u00e9sion aux valeurs scoutes en pronon\u00e7ant sa Promesse.&nbsp;<\/p>\n                    <p>\n                      <br>\n                    <\/p>\n                  <\/div>\n                <\/div>\n              <\/div>\n            <\/div>\n          <\/div>\n        <\/div>\n      <\/div>\n      <div data-colibri-id=\"695-c7\" class=\"h-row-container gutters-row-lg-2 gutters-row-md-2 gutters-row-0 gutters-row-v-lg-2 gutters-row-v-md-2 gutters-row-v-2 style-582 style-local-695-c7 position-relative\">\n        <!---->\n        <div class=\"h-row justify-content-lg-center justify-content-md-center justify-content-center align-items-lg-stretch align-items-md-stretch align-items-stretch gutters-col-lg-2 gutters-col-md-2 gutters-col-0 gutters-col-v-lg-2 gutters-col-v-md-2 gutters-col-v-2\">\n          <!---->\n          <div class=\"h-column h-column-container d-flex h-col-lg-auto h-col-md-auto h-col-auto style-583-outer style-local-695-c8-outer\">\n            <div data-colibri-id=\"695-c8\" class=\"d-flex h-flex-basis h-column__inner h-ui-empty-state-container h-px-lg-2 h-px-md-2 h-px-2 v-inner-lg-2 v-inner-md-2 v-inner-2 style-583 style-local-695-c8 position-relative\">\n              <!---->\n              <!---->\n              <div class=\"w-100 h-y-container h-column__content h-column__v-align flex-basis-100\">\n                <!---->\n              <\/div>\n            <\/div>\n          <\/div>\n        <\/div>\n      <\/div>\n    <\/div>\n  <\/div>\n<\/div>","protected":false},"excerpt":{"rendered":"<p>Les Scouts \u00c0 LA TROUPE, JE CONSTRUIS AVEC LES AUTRES. Scouts : Scout \u00e2g\u00e9 de 12 \u00e0 16 ans.&nbsp;Troupe: nom donn\u00e9 \u00e0 une section regroupant les scouts d&rsquo;une unit\u00e9.&nbsp;Au d\u00e9but de l&rsquo;adolescence, le jeune d\u00e9veloppe son sens des responsabilit\u00e9s : il prend les choses en main.&nbsp; \u00c0 la troupe, et particuli\u00e8rement au sein du petit [&hellip;]<\/p>\n","protected":false},"author":1,"featured_media":0,"parent":0,"menu_order":0,"comment_status":"closed","ping_status":"closed","template":"page-templates\/full-width-page.php","meta":{"footnotes":""},"class_list":["post-695","page","type-page","status-publish","hentry"],"jetpack_sharing_enabled":true,"_links":{"self":[{"href":"https:\/\/scoutsaywaille.be\/index.php?rest_route=\/wp\/v2\/pages\/695","targetHints":{"allow":["GET"]}}],"collection":[{"href":"https:\/\/scoutsaywaille.be\/index.php?rest_route=\/wp\/v2\/pages"}],"about":[{"href":"https:\/\/scoutsaywaille.be\/index.php?rest_route=\/wp\/v2\/types\/page"}],"author":[{"embeddable":true,"href":"https:\/\/scoutsaywaille.be\/index.php?rest_route=\/wp\/v2\/users\/1"}],"replies":[{"embeddable":true,"href":"https:\/\/scoutsaywaille.be\/index.php?rest_route=%2Fwp%2Fv2%2Fcomments&post=695"}],"version-history":[{"count":3,"href":"https:\/\/scoutsaywaille.be\/index.php?rest_route=\/wp\/v2\/pages\/695\/revisions"}],"predecessor-version":[{"id":1195,"href":"https:\/\/scoutsaywaille.be\/index.php?rest_route=\/wp\/v2\/pages\/695\/revisions\/1195"}],"wp:attachment":[{"href":"https:\/\/scoutsaywaille.be\/index.php?rest_route=%2Fwp%2Fv2%2Fmedia&parent=695"}],"curies":[{"name":"wp","href":"https:\/\/api.w.org\/{rel}","templated":true}]}}