{"id":704,"date":"2022-02-02T14:00:57","date_gmt":"2022-02-02T13:00:57","guid":{"rendered":"http:\/\/scoutsaywaille.be\/?page_id=704"},"modified":"2024-10-26T15:32:54","modified_gmt":"2024-10-26T13:32:54","slug":"pionniers","status":"publish","type":"page","link":"https:\/\/scoutsaywaille.be\/?page_id=704","title":{"rendered":"Pionniers"},"content":{"rendered":"<div data-colibri-id=\"704-c1\" class=\"style-368 style-local-704-c1 position-relative\">\n  <!---->\n  <div data-colibri-component=\"section\" data-colibri-id=\"704-c2\" id=\"custom\" class=\"h-section h-section-global-spacing d-flex align-items-lg-center align-items-md-center align-items-center style-369 style-local-704-c2 position-relative\">\n    <!---->\n    <!---->\n    <div class=\"h-section-grid-container h-section-boxed-container\">\n      <!---->\n      <div data-colibri-id=\"704-c3\" class=\"h-row-container gutters-row-lg-2 gutters-row-md-2 gutters-row-0 gutters-row-v-lg-2 gutters-row-v-md-2 gutters-row-v-2 style-370 style-local-704-c3 position-relative\">\n        <!---->\n        <div class=\"h-row justify-content-lg-center justify-content-md-center justify-content-center align-items-lg-stretch align-items-md-stretch align-items-stretch gutters-col-lg-2 gutters-col-md-2 gutters-col-0 gutters-col-v-lg-2 gutters-col-v-md-2 gutters-col-v-2\">\n          <!---->\n          <div class=\"h-column h-column-container d-flex h-col-lg-auto h-col-md-auto h-col-auto style-371-outer style-local-704-c4-outer\">\n            <div data-colibri-id=\"704-c4\" class=\"d-flex h-flex-basis h-column__inner h-px-lg-2 h-px-md-2 h-px-2 v-inner-lg-2 v-inner-md-2 v-inner-2 style-371 style-local-704-c4 position-relative\">\n              <!---->\n              <!---->\n              <div class=\"w-100 h-y-container h-column__content h-column__v-align flex-basis-100 align-self-lg-start align-self-md-start align-self-start\">\n                <!---->\n                <div data-colibri-id=\"704-c5\" class=\"d-block style-372 style-local-704-c5 position-relative h-element\">\n                  <!---->\n                  <div class=\"h-image__frame-container-outer\">\n                    <div class=\"h-image__frame-container\">\n                      <!---->\n                      <!---->\n                      <img decoding=\"async\" src=\"https:\/\/scoutsaywaille.be\/wp-content\/uploads\/2022\/01\/271864520_266267998921389_6062606940067151668_n-300x300.jpg\" class=\"style-372-image style-local-704-c5-image\">\n                      <div class=\"h-image__frame h-hide-lg h-hide-md h-hide-sm style-372-frameImage style-local-704-c5-frameImage\"><\/div>\n                    <\/div>\n                  <\/div>\n                <\/div>\n              <\/div>\n            <\/div>\n          <\/div>\n        <\/div>\n      <\/div>\n    <\/div>\n  <\/div>\n  <div data-colibri-component=\"section\" data-colibri-id=\"704-c6\" id=\"custom-2\" class=\"h-section h-section-global-spacing d-flex align-items-lg-center align-items-md-center align-items-center style-1079 style-local-704-c6 position-relative\">\n    <!---->\n    <!---->\n    <div class=\"h-section-grid-container h-section-boxed-container\">\n      <!---->\n      <div data-colibri-id=\"704-c7\" class=\"h-row-container gutters-row-lg-2 gutters-row-md-2 gutters-row-0 gutters-row-v-lg-2 gutters-row-v-md-2 gutters-row-v-2 style-1080 style-local-704-c7 position-relative\">\n        <!---->\n        <div class=\"h-row justify-content-lg-center justify-content-md-center justify-content-center align-items-lg-stretch align-items-md-stretch align-items-stretch gutters-col-lg-2 gutters-col-md-2 gutters-col-0 gutters-col-v-lg-2 gutters-col-v-md-2 gutters-col-v-2\">\n          <!---->\n          <div class=\"h-column h-column-container d-flex h-col-lg-auto h-col-md-auto h-col-auto style-1081-outer style-local-704-c8-outer\">\n            <div data-colibri-id=\"704-c8\" class=\"d-flex h-flex-basis h-column__inner h-px-lg-2 h-px-md-2 h-px-2 v-inner-lg-2 v-inner-md-2 v-inner-2 style-1081 style-local-704-c8 position-relative\">\n              <!---->\n              <!---->\n              <div class=\"w-100 h-y-container h-column__content h-column__v-align flex-basis-100 align-self-lg-start align-self-md-start align-self-start\">\n                <!---->\n                <div data-colibri-id=\"704-c9\" class=\"d-block style-1083 style-local-704-c9 position-relative h-element\">\n                  <!---->\n                  <div class=\"h-image__frame-container-outer\">\n                    <div class=\"h-image__frame-container\">\n                      <!---->\n                      <!---->\n                      <img loading=\"lazy\" decoding=\"async\" width=\"1532\" height=\"1720\" src=\"https:\/\/scoutsaywaille.be\/wp-content\/uploads\/2024\/10\/cropped-IMG_7408.jpg\" class=\"wp-image-2406 style-1083-image style-local-704-c9-image\" alt=\"\" srcset=\"https:\/\/scoutsaywaille.be\/wp-content\/uploads\/2024\/10\/cropped-IMG_7408.jpg 1532w, https:\/\/scoutsaywaille.be\/wp-content\/uploads\/2024\/10\/cropped-IMG_7408-267x300.jpg 267w, https:\/\/scoutsaywaille.be\/wp-content\/uploads\/2024\/10\/cropped-IMG_7408-912x1024.jpg 912w, https:\/\/scoutsaywaille.be\/wp-content\/uploads\/2024\/10\/cropped-IMG_7408-768x862.jpg 768w, https:\/\/scoutsaywaille.be\/wp-content\/uploads\/2024\/10\/cropped-IMG_7408-1368x1536.jpg 1368w\" sizes=\"auto, (max-width: 1532px) 100vw, 1532px\" \/>\n                      <div class=\"h-image__frame h-hide-lg h-hide-md h-hide-sm style-1083-frameImage style-local-704-c9-frameImage\"><\/div>\n                    <\/div>\n                  <\/div>\n                <\/div>\n              <\/div>\n            <\/div>\n          <\/div>\n          <div class=\"h-column h-column-container d-flex h-col-lg-auto h-col-md-auto h-col-auto style-1082-outer style-local-704-c10-outer\">\n            <div data-colibri-id=\"704-c10\" class=\"d-flex h-flex-basis h-column__inner h-px-lg-2 h-px-md-2 h-px-2 v-inner-lg-2 v-inner-md-2 v-inner-2 style-1082 style-local-704-c10 position-relative\">\n              <!---->\n              <!---->\n              <div class=\"w-100 h-y-container h-column__content h-column__v-align flex-basis-100 align-self-lg-start align-self-md-start align-self-start\">\n                <!---->\n                <div data-colibri-id=\"704-c12\" class=\"h-text h-text-component style-1085 style-local-704-c12 position-relative h-element\">\n                  <!---->\n                  <!---->\n                  <div class=\"\">\n                    <p><span style=\"font-family: &quot;Times New Roman&quot;, serif;\">Au poste, la mise en \u0153uvre des ingr\u00e9dients de la m\u00e9thode scoute est adapt\u00e9e aux grands ados de 17-18 ans. En cette p\u00e9riode de recherche et de construction de ses id\u00e9aux personnels, le pionnier souhaite \u00e9largir son horizon. Il se d\u00e9couvre citoyen du monde et essaie d\u2019y prendre place en mettant ses comp\u00e9tences et son \u00e9nergie au service des autres et de ses convictions.Gr\u00e2ce au soutien de ses animateurs, le pionnier d\u00e9veloppe son plaisir et sa volont\u00e9 de faire le point, d\u2019adh\u00e9rer, d\u2019assumer, de r\u00e9fl\u00e9chir \u00e0 son avenir, d\u2019agir en coh\u00e9rence avec ce en quoi il croit, d\u2019aller au bout de ses r\u00eaves.&nbsp;\u00bb<\/span><\/p>\n                    <p><span style=\"font-family: &quot;Times New Roman&quot;, serif;\">&nbsp;<\/span><\/p>\n                    <p><span style=\"color: black; font-family: &quot;Times New Roman&quot;, serif;\">Dans cet esprit, la section est d\u2019abord et avant tout celle des pionniers, les animateurs sont l\u00e0 pour encadrer et aiguiller mais la plupart des d\u00e9cisions reviennent aux pionniers, nous voulons leur apprendre \u00e0 devenir des adultes responsables et conscients du r\u00f4le qu\u2019ils ont \u00e0 jouer au sein de notre soci\u00e9t\u00e9 de plus en plus individualiste. Il est \u00e9galement important de vous dire que l\u2019ann\u00e9e&nbsp;<\/span>\n                      <em\n                        style=\"color: black; font-family: &quot;Times New Roman&quot;, serif;\">Pionniers<\/em><span style=\"color: black; font-family: &quot;Times New Roman&quot;, serif;\">&nbsp;est ponctu\u00e9e par plusieurs activit\u00e9s, ainsi que par un projet \u00e0 l\u2019\u00e9tranger qui termine l\u2019ann\u00e9e en apoth\u00e9ose !&nbsp;&nbsp;<\/span><\/p>\n                    <p><span style=\"color: black;\">&nbsp;<\/span><\/p>\n                    <p><span style=\"color: black; font-family: &quot;Times New Roman&quot;, serif;\">Dans un second temps, les pionniers vont se pr\u00eater au jeu de l\u2019animation, ils vont donc se rendre dans les autres sections pour y animer les plus jeunes et en d\u00e9couvrir toutes les ficelles. Ils vont \u00e9galement tenter d\u2019animer dans d\u2019autres unit\u00e9s ou dans d\u2019autres milieux, afin d\u2019offrir le plus large \u00e9ventail possible aux pionniers.&nbsp;<\/span><\/p>\n                    <p>\n                      <br>\n                    <\/p>\n                  <\/div>\n                <\/div>\n              <\/div>\n            <\/div>\n          <\/div>\n        <\/div>\n      <\/div>\n    <\/div>\n  <\/div>\n<\/div>","protected":false},"excerpt":{"rendered":"<p>Au poste, la mise en \u0153uvre des ingr\u00e9dients de la m\u00e9thode scoute est adapt\u00e9e aux grands ados de 17-18 ans. En cette p\u00e9riode de recherche et de construction de ses id\u00e9aux personnels, le pionnier souhaite \u00e9largir son horizon. Il se d\u00e9couvre citoyen du monde et essaie d\u2019y prendre place en mettant ses comp\u00e9tences et son [&hellip;]<\/p>\n","protected":false},"author":1,"featured_media":0,"parent":0,"menu_order":0,"comment_status":"closed","ping_status":"closed","template":"page-templates\/full-width-page.php","meta":{"footnotes":""},"class_list":["post-704","page","type-page","status-publish","hentry"],"jetpack_sharing_enabled":true,"_links":{"self":[{"href":"https:\/\/scoutsaywaille.be\/index.php?rest_route=\/wp\/v2\/pages\/704","targetHints":{"allow":["GET"]}}],"collection":[{"href":"https:\/\/scoutsaywaille.be\/index.php?rest_route=\/wp\/v2\/pages"}],"about":[{"href":"https:\/\/scoutsaywaille.be\/index.php?rest_route=\/wp\/v2\/types\/page"}],"author":[{"embeddable":true,"href":"https:\/\/scoutsaywaille.be\/index.php?rest_route=\/wp\/v2\/users\/1"}],"replies":[{"embeddable":true,"href":"https:\/\/scoutsaywaille.be\/index.php?rest_route=%2Fwp%2Fv2%2Fcomments&post=704"}],"version-history":[{"count":8,"href":"https:\/\/scoutsaywaille.be\/index.php?rest_route=\/wp\/v2\/pages\/704\/revisions"}],"predecessor-version":[{"id":2461,"href":"https:\/\/scoutsaywaille.be\/index.php?rest_route=\/wp\/v2\/pages\/704\/revisions\/2461"}],"wp:attachment":[{"href":"https:\/\/scoutsaywaille.be\/index.php?rest_route=%2Fwp%2Fv2%2Fmedia&parent=704"}],"curies":[{"name":"wp","href":"https:\/\/api.w.org\/{rel}","templated":true}]}}