{"id":715,"date":"2022-02-02T14:00:58","date_gmt":"2022-02-02T13:00:58","guid":{"rendered":"http:\/\/scoutsaywaille.be\/?page_id=715"},"modified":"2024-10-12T19:10:07","modified_gmt":"2024-10-12T17:10:07","slug":"contacts-unite","status":"publish","type":"page","link":"https:\/\/scoutsaywaille.be\/?page_id=715","title":{"rendered":"Contacts Unit\u00e9"},"content":{"rendered":"<div data-colibri-id=\"715-c1\" class=\"style-410 style-local-715-c1 position-relative\">\n  <!---->\n  <div data-colibri-component=\"section\" data-colibri-id=\"715-c2\" id=\"custom\" class=\"h-section h-section-global-spacing d-flex align-items-lg-center align-items-md-center align-items-center style-411 style-local-715-c2 position-relative\">\n    <!---->\n    <!---->\n    <div class=\"h-section-grid-container h-section-boxed-container\">\n      <!---->\n      <div data-colibri-id=\"715-c3\" class=\"h-row-container gutters-row-lg-2 gutters-row-md-2 gutters-row-0 gutters-row-v-lg-2 gutters-row-v-md-2 gutters-row-v-2 style-412 style-local-715-c3 position-relative\">\n        <!---->\n        <div class=\"h-row justify-content-lg-center justify-content-md-center justify-content-center align-items-lg-stretch align-items-md-stretch align-items-stretch gutters-col-lg-2 gutters-col-md-2 gutters-col-0 gutters-col-v-lg-2 gutters-col-v-md-2 gutters-col-v-2\">\n          <!---->\n          <div class=\"h-column h-column-container d-flex h-col-lg-auto h-col-md-auto h-col-auto style-413-outer style-local-715-c4-outer\">\n            <div data-colibri-id=\"715-c4\" class=\"d-flex h-flex-basis h-column__inner h-px-lg-2 h-px-md-2 h-px-2 v-inner-lg-2 v-inner-md-2 v-inner-2 style-413 style-local-715-c4 position-relative\">\n              <!---->\n              <!---->\n              <div class=\"w-100 h-y-container h-column__content h-column__v-align flex-basis-100 align-self-lg-start align-self-md-start align-self-start\">\n                <!---->\n                <div data-colibri-id=\"715-c5\" class=\"d-block style-414 style-local-715-c5 position-relative h-element\">\n                  <!---->\n                  <div class=\"h-image__frame-container-outer\">\n                    <div class=\"h-image__frame-container\">\n                      <!---->\n                      <!---->\n                      <img loading=\"lazy\" decoding=\"async\" width=\"1125\" height=\"633\" src=\"https:\/\/scoutsaywaille.be\/wp-content\/uploads\/2022\/01\/cropped-cropped-cropped-cropped-272146254_648220893042438_1839579302968049374_n.jpg\" class=\"wp-image-991 style-414-image style-local-715-c5-image\" alt=\"\" srcset=\"https:\/\/scoutsaywaille.be\/wp-content\/uploads\/2022\/01\/cropped-cropped-cropped-cropped-272146254_648220893042438_1839579302968049374_n.jpg 1125w, https:\/\/scoutsaywaille.be\/wp-content\/uploads\/2022\/01\/cropped-cropped-cropped-cropped-272146254_648220893042438_1839579302968049374_n-300x169.jpg 300w, https:\/\/scoutsaywaille.be\/wp-content\/uploads\/2022\/01\/cropped-cropped-cropped-cropped-272146254_648220893042438_1839579302968049374_n-1024x576.jpg 1024w, https:\/\/scoutsaywaille.be\/wp-content\/uploads\/2022\/01\/cropped-cropped-cropped-cropped-272146254_648220893042438_1839579302968049374_n-768x432.jpg 768w\" sizes=\"auto, (max-width: 1125px) 100vw, 1125px\" \/>\n                      <div class=\"h-image__frame h-hide-lg h-hide-md h-hide-sm style-414-frameImage style-local-715-c5-frameImage\"><\/div>\n                    <\/div>\n                  <\/div>\n                <\/div>\n              <\/div>\n            <\/div>\n          <\/div>\n        <\/div>\n      <\/div>\n    <\/div>\n  <\/div>\n  <div data-colibri-component=\"section\" data-colibri-id=\"715-c6\" id=\"custom-2\" class=\"h-section h-section-global-spacing d-flex align-items-lg-center align-items-md-center align-items-center style-626 style-local-715-c6 position-relative\">\n    <!---->\n    <!---->\n    <div class=\"h-section-grid-container h-section-boxed-container\">\n      <!---->\n      <div data-colibri-id=\"715-c7\" class=\"h-row-container gutters-row-lg-2 gutters-row-md-2 gutters-row-0 gutters-row-v-lg-2 gutters-row-v-md-2 gutters-row-v-2 style-627 style-local-715-c7 position-relative\">\n        <!---->\n        <div class=\"h-row justify-content-lg-center justify-content-md-center justify-content-center align-items-lg-stretch align-items-md-stretch align-items-stretch gutters-col-lg-2 gutters-col-md-2 gutters-col-0 gutters-col-v-lg-2 gutters-col-v-md-2 gutters-col-v-2\">\n          <!---->\n          <div class=\"h-column h-column-container d-flex h-col-lg-auto h-col-md-auto h-col-auto style-628-outer style-local-715-c8-outer\">\n            <div data-colibri-id=\"715-c8\" class=\"d-flex h-flex-basis h-column__inner h-px-lg-2 h-px-md-2 h-px-2 v-inner-lg-2 v-inner-md-2 v-inner-2 style-628 style-local-715-c8 position-relative\">\n              <!---->\n              <!---->\n              <div class=\"w-100 h-y-container h-column__content h-column__v-align flex-basis-100 align-self-lg-start align-self-md-start align-self-start\">\n                <!---->\n                <div data-colibri-id=\"715-c9\" class=\"h-text h-text-component style-632 style-local-715-c9 position-relative h-element\">\n                  <!---->\n                  <!---->\n                  <div class=\"\">\n                    <p>Une question ?&nbsp;<\/p>\n                    <p>Besoin d\u2019informations suppl\u00e9mentaires sur l&rsquo;Unit\u00e9 ?&nbsp;<\/p>\n                    <p>Vous pouvez contacter les chefs d&rsquo;Unit\u00e9 \u00e0 l\u2019aide du formulaire ci-contre.<\/p>\n                    <p>\n                      <br>\n                    <\/p>\n                    <p>Animateur d&rsquo;Unit\u00e9 : R\u00e9mi Thirion&nbsp;&nbsp;<\/p>\n                    <p>Equipier d&rsquo;Unit\u00e9: Warenghien Curtis&nbsp;<\/p>\n                  <\/div>\n                <\/div>\n                <div data-colibri-id=\"715-c10\" class=\"d-block style-1026 style-local-715-c10 position-relative h-element\">\n                  <!---->\n                  <div class=\"h-image__frame-container-outer\">\n                    <div class=\"h-image__frame-container\">\n                      <!---->\n                      <!---->\n                      <img loading=\"lazy\" decoding=\"async\" width=\"1692\" height=\"1070\" src=\"https:\/\/scoutsaywaille.be\/wp-content\/uploads\/2024\/10\/cropped-potes.jpeg\" class=\"wp-image-2450 style-1026-image style-local-715-c10-image\" alt=\"\" srcset=\"https:\/\/scoutsaywaille.be\/wp-content\/uploads\/2024\/10\/cropped-potes.jpeg 1692w, https:\/\/scoutsaywaille.be\/wp-content\/uploads\/2024\/10\/cropped-potes-300x190.jpeg 300w, https:\/\/scoutsaywaille.be\/wp-content\/uploads\/2024\/10\/cropped-potes-1024x648.jpeg 1024w, https:\/\/scoutsaywaille.be\/wp-content\/uploads\/2024\/10\/cropped-potes-768x486.jpeg 768w, https:\/\/scoutsaywaille.be\/wp-content\/uploads\/2024\/10\/cropped-potes-1536x971.jpeg 1536w\" sizes=\"auto, (max-width: 1692px) 100vw, 1692px\" \/>\n                      <div class=\"h-image__frame h-hide-lg h-hide-md h-hide-sm style-1026-frameImage style-local-715-c10-frameImage\"><\/div>\n                    <\/div>\n                  <\/div>\n                <\/div>\n              <\/div>\n            <\/div>\n          <\/div>\n          <div class=\"h-column h-column-container d-flex h-col-lg-auto h-col-md-auto h-col-auto style-629-outer style-local-715-c11-outer\">\n            <div data-colibri-id=\"715-c11\" class=\"d-flex h-flex-basis h-column__inner h-px-lg-2 h-px-md-2 h-px-2 v-inner-lg-2 v-inner-md-2 v-inner-2 style-629 style-local-715-c11 position-relative\">\n              <!---->\n              <!---->\n              <div class=\"w-100 h-y-container h-column__content h-column__v-align flex-basis-100 align-self-lg-start align-self-md-start align-self-start\">\n                <!---->\n                <div data-colibri-id=\"715-c12\" class=\"h-contact-form__outer--forminator style-631 style-local-715-c12 position-relative h-element\">\n                  <!---->\n                  <div class=\"h-global-transition-all h-global-transition h-global-transition-all h-contact-form-shortcode\"><div class=\"forminator-ui forminator-custom-form forminator-custom-form-1295 forminator-design--default  forminator_ajax\" data-forminator-render=\"0\" data-form=\"forminator-module-1295\"><br\/><\/div><form\n\t\t\t\tid=\"forminator-module-1295\"\n\t\t\t\tclass=\"forminator-ui forminator-custom-form forminator-custom-form-1295 forminator-design--default  forminator_ajax\"\n\t\t\t\tmethod=\"post\"\n\t\t\t\tdata-forminator-render=\"0\"\n\t\t\t\tdata-form-id=\"1295\"\n\t\t\t\t\n\t\t\t\tdata-design=\"default\"\n\t\t\t\t\n\t\t\t\t\n\t\t\t\t\n\t\t\t\tdata-grid=\"open\"\n\t\t\t\t\n\t\t\t\t\n\t\t\t\tstyle=\"display: none;\"\n\t\t\t><div class=\"forminator-response-message forminator-error\" aria-hidden=\"true\"><\/div><div class=\"forminator-row\"><div id=\"name-1\" class=\"forminator-col forminator-col-12 \"><div class=\"forminator-field\"><label for=\"forminator-field-name-1\" class=\"forminator-label\">Nom\/Pr\u00e9nom <span class=\"forminator-required\">*<\/span><\/label><input type=\"text\" name=\"name-1\" value=\"\" placeholder=\"Par exemple\u00a0: Baden Powell\" id=\"forminator-field-name-1\" class=\"forminator-input forminator-name--field\" aria-required=\"true\" \/><\/div><\/div><\/div><div class=\"forminator-row\"><div id=\"email-1\" class=\"forminator-col forminator-col-12 \"><div class=\"forminator-field\"><label for=\"forminator-field-email-1\" class=\"forminator-label\">Adresse mail <span class=\"forminator-required\">*<\/span><\/label><input type=\"email\" name=\"email-1\" value=\"\" placeholder=\"Par exemple\u00a0: Baden.Powell@gmail.com\" id=\"forminator-field-email-1\" class=\"forminator-input forminator-email--field\" data-required=\"true\" aria-required=\"true\" \/><\/div><\/div><\/div><div class=\"forminator-row\"><div id=\"phone-1\" class=\"forminator-col forminator-col-12 \"><div class=\"forminator-field\"><label for=\"forminator-field-phone-1\" class=\"forminator-label\">Num\u00e9ro de t\u00e9l\u00e9phone<\/label><input type=\"text\" name=\"phone-1\" value=\"\" placeholder=\"Par exemple\u00a0: 0493\/ 73 49 98\" id=\"forminator-field-phone-1\" class=\"forminator-input forminator-field--phone\" data-required=\"\" aria-required=\"false\" autocomplete=\"off\" \/><\/div><\/div><\/div><div class=\"forminator-row\"><div id=\"textarea-1\" class=\"forminator-col forminator-col-12 \"><div class=\"forminator-field\"><label for=\"forminator-field-textarea-1\" class=\"forminator-label\">Message<\/label><textarea name=\"textarea-1\" placeholder=\"Saisissez votre message\u2026\" id=\"forminator-field-textarea-1\" class=\"forminator-textarea\" rows=\"6\" style=\"min-height:140px;\" maxlength=\"180\" ><\/textarea><span class=\"forminator-description\"><span data-limit=\"180\" data-type=\"characters\">0 \/ 180<\/span><\/span><\/div><\/div><\/div><input type=\"hidden\" name=\"referer_url\" value=\"\" \/><div class=\"forminator-row forminator-row-last\"><div class=\"forminator-col\"><div class=\"forminator-field\"><button class=\"forminator-button forminator-button-submit\">Envoyer le message<\/button><\/div><\/div><\/div><input type=\"hidden\" id=\"forminator_nonce\" name=\"forminator_nonce\" value=\"dc8c7a27d6\" \/><input type=\"hidden\" name=\"_wp_http_referer\" value=\"\/index.php?rest_route=%2Fwp%2Fv2%2Fpages%2F715\" \/><input type=\"hidden\" name=\"form_id\" value=\"1295\"><input type=\"hidden\" name=\"page_id\" value=\"715\"><input type=\"hidden\" name=\"form_type\" value=\"default\"><input type=\"hidden\" name=\"current_url\" value=\"https:\/\/scoutsaywaille.be\/?rest_route=%2Fwp%2Fv2%2Fpages%2F715\"><input type=\"hidden\" name=\"render_id\" value=\"0\"><input type=\"hidden\" name=\"action\" value=\"forminator_submit_form_custom-forms\"><\/form><\/div>\n                <\/div>\n              <\/div>\n            <\/div>\n          <\/div>\n        <\/div>\n      <\/div>\n    <\/div>\n  <\/div>\n  <div data-colibri-component=\"section\" data-colibri-id=\"715-c13\" id=\"custom-3\" class=\"h-section h-section-global-spacing d-flex align-items-lg-center align-items-md-center align-items-center style-1020 style-local-715-c13 position-relative\">\n    <!---->\n    <!---->\n    <div class=\"h-section-grid-container h-section-boxed-container\">\n      <!---->\n      <div data-colibri-id=\"715-c14\" class=\"h-row-container gutters-row-lg-2 gutters-row-md-2 gutters-row-0 gutters-row-v-lg-2 gutters-row-v-md-2 gutters-row-v-2 style-1021 style-local-715-c14 position-relative\">\n        <!---->\n        <div class=\"h-row justify-content-lg-center justify-content-md-center justify-content-center align-items-lg-stretch align-items-md-stretch align-items-stretch gutters-col-lg-2 gutters-col-md-2 gutters-col-0 gutters-col-v-lg-2 gutters-col-v-md-2 gutters-col-v-2\">\n          <!---->\n          <div class=\"h-column h-column-container d-flex h-col-lg-auto h-col-md-auto h-col-auto style-1022-outer style-local-715-c15-outer\">\n            <div data-colibri-id=\"715-c15\" class=\"d-flex h-flex-basis h-column__inner h-ui-empty-state-container h-px-lg-2 h-px-md-2 h-px-2 v-inner-lg-2 v-inner-md-2 v-inner-2 style-1022 style-local-715-c15 position-relative\">\n              <!---->\n              <!---->\n              <div class=\"w-100 h-y-container h-column__content h-column__v-align flex-basis-100\">\n                <!---->\n              <\/div>\n            <\/div>\n          <\/div>\n        <\/div>\n      <\/div>\n    <\/div>\n  <\/div>\n<\/div>","protected":false},"excerpt":{"rendered":"<p>Une question ?&nbsp; Besoin d\u2019informations suppl\u00e9mentaires sur l&rsquo;Unit\u00e9 ?&nbsp; Vous pouvez contacter les chefs d&rsquo;Unit\u00e9 \u00e0 l\u2019aide du formulaire ci-contre. Animateur d&rsquo;Unit\u00e9 : R\u00e9mi Thirion&nbsp;&nbsp; Equipier d&rsquo;Unit\u00e9: Warenghien Curtis&nbsp;<\/p>\n","protected":false},"author":1,"featured_media":0,"parent":0,"menu_order":0,"comment_status":"closed","ping_status":"closed","template":"page-templates\/full-width-page.php","meta":{"footnotes":""},"class_list":["post-715","page","type-page","status-publish","hentry"],"jetpack_sharing_enabled":true,"_links":{"self":[{"href":"https:\/\/scoutsaywaille.be\/index.php?rest_route=\/wp\/v2\/pages\/715","targetHints":{"allow":["GET"]}}],"collection":[{"href":"https:\/\/scoutsaywaille.be\/index.php?rest_route=\/wp\/v2\/pages"}],"about":[{"href":"https:\/\/scoutsaywaille.be\/index.php?rest_route=\/wp\/v2\/types\/page"}],"author":[{"embeddable":true,"href":"https:\/\/scoutsaywaille.be\/index.php?rest_route=\/wp\/v2\/users\/1"}],"replies":[{"embeddable":true,"href":"https:\/\/scoutsaywaille.be\/index.php?rest_route=%2Fwp%2Fv2%2Fcomments&post=715"}],"version-history":[{"count":8,"href":"https:\/\/scoutsaywaille.be\/index.php?rest_route=\/wp\/v2\/pages\/715\/revisions"}],"predecessor-version":[{"id":2453,"href":"https:\/\/scoutsaywaille.be\/index.php?rest_route=\/wp\/v2\/pages\/715\/revisions\/2453"}],"wp:attachment":[{"href":"https:\/\/scoutsaywaille.be\/index.php?rest_route=%2Fwp%2Fv2%2Fmedia&parent=715"}],"curies":[{"name":"wp","href":"https:\/\/api.w.org\/{rel}","templated":true}]}}